{"id":10,"date":"2024-01-28T13:59:26","date_gmt":"2024-01-28T13:59:26","guid":{"rendered":"https:\/\/www.radac.cz\/?page_id=10"},"modified":"2025-03-04T13:16:57","modified_gmt":"2025-03-04T13:16:57","slug":"uvod","status":"publish","type":"page","link":"https:\/\/www.radac.cz\/","title":{"rendered":"\u00davod"},"content":{"rendered":"","protected":false},"excerpt":{"rendered":"","protected":false},"author":1,"featured_media":0,"parent":0,"menu_order":0,"comment_status":"closed","ping_status":"closed","template":"","meta":{"footnotes":""},"class_list":["post-10","page","type-page","status-publish","hentry"],"yoast_head":"<!-- This site is optimized with the Yoast SEO plugin v27.4 - https:\/\/yoast.com\/product\/yoast-seo-wordpress\/ -->\n<title>Servis, autop\u016fj\u010dovna a prodejce voz\u016f Piaggio - radac.cz<\/title>\n<meta name=\"description\" content=\"Komplexn\u00ed servis, autop\u016fj\u010dovna a prodej voz\u016f Piaggio pod jednou st\u0159echou. Z\u00edskejte spolehliv\u00e9 slu\u017eby od autorizovan\u00e9ho partnera Piaggio.\" \/>\n<meta name=\"robots\" content=\"index, follow, max-snippet:-1, max-image-preview:large, max-video-preview:-1\" \/>\n<link rel=\"canonical\" href=\"https:\/\/www.radac.cz\/\" \/>\n<meta property=\"og:locale\" content=\"cs_CZ\" \/>\n<meta property=\"og:type\" content=\"article\" \/>\n<meta property=\"og:title\" content=\"Servis, autop\u016fj\u010dovna a prodejce voz\u016f Piaggio - radac.cz\" \/>\n<meta property=\"og:description\" content=\"Komplexn\u00ed servis, autop\u016fj\u010dovna a prodej voz\u016f Piaggio pod jednou st\u0159echou. Z\u00edskejte spolehliv\u00e9 slu\u017eby od autorizovan\u00e9ho partnera Piaggio.\" \/>\n<meta property=\"og:url\" content=\"https:\/\/www.radac.cz\/\" \/>\n<meta property=\"og:site_name\" content=\"radac.cz\" \/>\n<meta property=\"article:modified_time\" content=\"2025-03-04T13:16:57+00:00\" \/>\n<meta name=\"twitter:card\" content=\"summary_large_image\" \/>\n<script type=\"application\/ld+json\" class=\"yoast-schema-graph\">{\"@context\":\"https:\\\/\\\/schema.org\",\"@graph\":[{\"@type\":\"WebPage\",\"@id\":\"https:\\\/\\\/www.radac.cz\\\/\",\"url\":\"https:\\\/\\\/www.radac.cz\\\/\",\"name\":\"Servis, autop\u016fj\u010dovna a prodejce voz\u016f Piaggio - radac.cz\",\"isPartOf\":{\"@id\":\"https:\\\/\\\/www.radac.cz\\\/#website\"},\"datePublished\":\"2024-01-28T13:59:26+00:00\",\"dateModified\":\"2025-03-04T13:16:57+00:00\",\"description\":\"Komplexn\u00ed servis, autop\u016fj\u010dovna a prodej voz\u016f Piaggio pod jednou st\u0159echou. Z\u00edskejte spolehliv\u00e9 slu\u017eby od autorizovan\u00e9ho partnera Piaggio.\",\"breadcrumb\":{\"@id\":\"https:\\\/\\\/www.radac.cz\\\/#breadcrumb\"},\"inLanguage\":\"cs\",\"potentialAction\":[{\"@type\":\"ReadAction\",\"target\":[\"https:\\\/\\\/www.radac.cz\\\/\"]}]},{\"@type\":\"BreadcrumbList\",\"@id\":\"https:\\\/\\\/www.radac.cz\\\/#breadcrumb\",\"itemListElement\":[{\"@type\":\"ListItem\",\"position\":1,\"name\":\"Dom\u016f\",\"item\":\"https:\\\/\\\/www.radac.cz\\\/\"},{\"@type\":\"ListItem\",\"position\":2,\"name\":\"\u00davod\"}]},{\"@type\":\"WebSite\",\"@id\":\"https:\\\/\\\/www.radac.cz\\\/#website\",\"url\":\"https:\\\/\\\/www.radac.cz\\\/\",\"name\":\"radac.cz\",\"description\":\"Servis, autop\u016fj\u010dovna a prodejce voz\u016f Piaggio.\",\"publisher\":{\"@id\":\"https:\\\/\\\/www.radac.cz\\\/#organization\"},\"potentialAction\":[{\"@type\":\"SearchAction\",\"target\":{\"@type\":\"EntryPoint\",\"urlTemplate\":\"https:\\\/\\\/www.radac.cz\\\/?s={search_term_string}\"},\"query-input\":{\"@type\":\"PropertyValueSpecification\",\"valueRequired\":true,\"valueName\":\"search_term_string\"}}],\"inLanguage\":\"cs\"},{\"@type\":\"Organization\",\"@id\":\"https:\\\/\\\/www.radac.cz\\\/#organization\",\"name\":\"Autoservis RADAC s.r.o.\",\"url\":\"https:\\\/\\\/www.radac.cz\\\/\",\"logo\":{\"@type\":\"ImageObject\",\"inLanguage\":\"cs\",\"@id\":\"https:\\\/\\\/www.radac.cz\\\/#\\\/schema\\\/logo\\\/image\\\/\",\"url\":\"https:\\\/\\\/www.radac.cz\\\/wp-content\\\/uploads\\\/2024\\\/01\\\/radac-logo.png\",\"contentUrl\":\"https:\\\/\\\/www.radac.cz\\\/wp-content\\\/uploads\\\/2024\\\/01\\\/radac-logo.png\",\"width\":854,\"height\":260,\"caption\":\"Autoservis RADAC s.r.o.\"},\"image\":{\"@id\":\"https:\\\/\\\/www.radac.cz\\\/#\\\/schema\\\/logo\\\/image\\\/\"}}]}<\/script>\n<!-- \/ Yoast SEO plugin. -->","yoast_head_json":{"title":"Servis, autop\u016fj\u010dovna a prodejce voz\u016f Piaggio - radac.cz","description":"Komplexn\u00ed servis, autop\u016fj\u010dovna a prodej voz\u016f Piaggio pod jednou st\u0159echou. Z\u00edskejte spolehliv\u00e9 slu\u017eby od autorizovan\u00e9ho partnera Piaggio.","robots":{"index":"index","follow":"follow","max-snippet":"max-snippet:-1","max-image-preview":"max-image-preview:large","max-video-preview":"max-video-preview:-1"},"canonical":"https:\/\/www.radac.cz\/","og_locale":"cs_CZ","og_type":"article","og_title":"Servis, autop\u016fj\u010dovna a prodejce voz\u016f Piaggio - radac.cz","og_description":"Komplexn\u00ed servis, autop\u016fj\u010dovna a prodej voz\u016f Piaggio pod jednou st\u0159echou. Z\u00edskejte spolehliv\u00e9 slu\u017eby od autorizovan\u00e9ho partnera Piaggio.","og_url":"https:\/\/www.radac.cz\/","og_site_name":"radac.cz","article_modified_time":"2025-03-04T13:16:57+00:00","twitter_card":"summary_large_image","schema":{"@context":"https:\/\/schema.org","@graph":[{"@type":"WebPage","@id":"https:\/\/www.radac.cz\/","url":"https:\/\/www.radac.cz\/","name":"Servis, autop\u016fj\u010dovna a prodejce voz\u016f Piaggio - radac.cz","isPartOf":{"@id":"https:\/\/www.radac.cz\/#website"},"datePublished":"2024-01-28T13:59:26+00:00","dateModified":"2025-03-04T13:16:57+00:00","description":"Komplexn\u00ed servis, autop\u016fj\u010dovna a prodej voz\u016f Piaggio pod jednou st\u0159echou. Z\u00edskejte spolehliv\u00e9 slu\u017eby od autorizovan\u00e9ho partnera Piaggio.","breadcrumb":{"@id":"https:\/\/www.radac.cz\/#breadcrumb"},"inLanguage":"cs","potentialAction":[{"@type":"ReadAction","target":["https:\/\/www.radac.cz\/"]}]},{"@type":"BreadcrumbList","@id":"https:\/\/www.radac.cz\/#breadcrumb","itemListElement":[{"@type":"ListItem","position":1,"name":"Dom\u016f","item":"https:\/\/www.radac.cz\/"},{"@type":"ListItem","position":2,"name":"\u00davod"}]},{"@type":"WebSite","@id":"https:\/\/www.radac.cz\/#website","url":"https:\/\/www.radac.cz\/","name":"radac.cz","description":"Servis, autop\u016fj\u010dovna a prodejce voz\u016f Piaggio.","publisher":{"@id":"https:\/\/www.radac.cz\/#organization"},"potentialAction":[{"@type":"SearchAction","target":{"@type":"EntryPoint","urlTemplate":"https:\/\/www.radac.cz\/?s={search_term_string}"},"query-input":{"@type":"PropertyValueSpecification","valueRequired":true,"valueName":"search_term_string"}}],"inLanguage":"cs"},{"@type":"Organization","@id":"https:\/\/www.radac.cz\/#organization","name":"Autoservis RADAC s.r.o.","url":"https:\/\/www.radac.cz\/","logo":{"@type":"ImageObject","inLanguage":"cs","@id":"https:\/\/www.radac.cz\/#\/schema\/logo\/image\/","url":"https:\/\/www.radac.cz\/wp-content\/uploads\/2024\/01\/radac-logo.png","contentUrl":"https:\/\/www.radac.cz\/wp-content\/uploads\/2024\/01\/radac-logo.png","width":854,"height":260,"caption":"Autoservis RADAC s.r.o."},"image":{"@id":"https:\/\/www.radac.cz\/#\/schema\/logo\/image\/"}}]}},"_links":{"self":[{"href":"https:\/\/www.radac.cz\/index.php?rest_route=\/wp\/v2\/pages\/10","targetHints":{"allow":["GET"]}}],"collection":[{"href":"https:\/\/www.radac.cz\/index.php?rest_route=\/wp\/v2\/pages"}],"about":[{"href":"https:\/\/www.radac.cz\/index.php?rest_route=\/wp\/v2\/types\/page"}],"author":[{"embeddable":true,"href":"https:\/\/www.radac.cz\/index.php?rest_route=\/wp\/v2\/users\/1"}],"replies":[{"embeddable":true,"href":"https:\/\/www.radac.cz\/index.php?rest_route=%2Fwp%2Fv2%2Fcomments&post=10"}],"version-history":[{"count":19,"href":"https:\/\/www.radac.cz\/index.php?rest_route=\/wp\/v2\/pages\/10\/revisions"}],"predecessor-version":[{"id":59,"href":"https:\/\/www.radac.cz\/index.php?rest_route=\/wp\/v2\/pages\/10\/revisions\/59"}],"wp:attachment":[{"href":"https:\/\/www.radac.cz\/index.php?rest_route=%2Fwp%2Fv2%2Fmedia&parent=10"}],"curies":[{"name":"wp","href":"https:\/\/api.w.org\/{rel}","templated":true}]}}